{"id":2,"date":"2023-09-22T20:44:45","date_gmt":"2023-09-22T18:44:45","guid":{"rendered":"http:\/\/test.passus.pl\/?page_id=2"},"modified":"2023-09-22T23:05:54","modified_gmt":"2023-09-22T21:05:54","slug":"przykladowa-strona","status":"publish","type":"page","link":"https:\/\/test.passus.pl\/","title":{"rendered":""},"content":{"rendered":"\n<blockquote class=\"wp-block-quote is-layout-flow wp-block-quote-is-layout-flow\">\n<p><\/p>\n<\/blockquote>\n\n\n\n<blockquote class=\"wp-block-quote is-layout-flow wp-block-quote-is-layout-flow\">\n<p><\/p>\n<\/blockquote>\n\n\n\n<h2 class=\"wp-block-heading\" id=\"Produkty\">PRODUKTY<\/h2>\n\n\n\n<figure class=\"wp-block-image size-full\"><img loading=\"lazy\" decoding=\"async\" width=\"575\" height=\"107\" src=\"https:\/\/test.passus.pl\/wp-content\/uploads\/2023\/09\/producenci_radiall.jpg\" alt=\"\" class=\"wp-image-53\" srcset=\"https:\/\/test.passus.pl\/wp-content\/uploads\/2023\/09\/producenci_radiall.jpg 575w, https:\/\/test.passus.pl\/wp-content\/uploads\/2023\/09\/producenci_radiall-300x56.jpg 300w\" sizes=\"auto, (max-width: 575px) 100vw, 575px\" \/><\/figure>\n\n\n\n<p>Z\u0142\u0105cza koncentryczne i r\u00f3\u017cne inne<\/p>\n\n\n\n<figure class=\"wp-block-image size-full\"><img loading=\"lazy\" decoding=\"async\" width=\"575\" height=\"107\" src=\"https:\/\/test.passus.pl\/wp-content\/uploads\/2023\/09\/producenci_draka.jpg\" alt=\"\" class=\"wp-image-50\" srcset=\"https:\/\/test.passus.pl\/wp-content\/uploads\/2023\/09\/producenci_draka.jpg 575w, https:\/\/test.passus.pl\/wp-content\/uploads\/2023\/09\/producenci_draka-300x56.jpg 300w\" sizes=\"auto, (max-width: 575px) 100vw, 575px\" \/><\/figure>\n\n\n\n<p>Kable koncentryczne i r\u00f3\u017cne inne<\/p>\n\n\n\n<figure class=\"wp-block-image size-full\"><img loading=\"lazy\" decoding=\"async\" width=\"575\" height=\"107\" src=\"https:\/\/test.passus.pl\/wp-content\/uploads\/2023\/09\/producenci_metpol.jpg\" alt=\"\" class=\"wp-image-51\" srcset=\"https:\/\/test.passus.pl\/wp-content\/uploads\/2023\/09\/producenci_metpol.jpg 575w, https:\/\/test.passus.pl\/wp-content\/uploads\/2023\/09\/producenci_metpol-300x56.jpg 300w\" sizes=\"auto, (max-width: 575px) 100vw, 575px\" \/><\/figure>\n\n\n\n<p>Uchwyty kablowe<\/p>\n\n\n\n<p><\/p>\n","protected":false},"excerpt":{"rendered":"<p>PRODUKTY Z\u0142\u0105cza koncentryczne i r\u00f3\u017cne inne Kable koncentryczne i r\u00f3\u017cne inne Uchwyty kablowe<\/p>\n","protected":false},"author":1,"featured_media":29,"parent":0,"menu_order":0,"comment_status":"closed","ping_status":"open","template":"","meta":{"footnotes":""},"class_list":["post-2","page","type-page","status-publish","has-post-thumbnail","hentry"],"_links":{"self":[{"href":"https:\/\/test.passus.pl\/index.php?rest_route=\/wp\/v2\/pages\/2","targetHints":{"allow":["GET"]}}],"collection":[{"href":"https:\/\/test.passus.pl\/index.php?rest_route=\/wp\/v2\/pages"}],"about":[{"href":"https:\/\/test.passus.pl\/index.php?rest_route=\/wp\/v2\/types\/page"}],"author":[{"embeddable":true,"href":"https:\/\/test.passus.pl\/index.php?rest_route=\/wp\/v2\/users\/1"}],"replies":[{"embeddable":true,"href":"https:\/\/test.passus.pl\/index.php?rest_route=%2Fwp%2Fv2%2Fcomments&post=2"}],"version-history":[{"count":10,"href":"https:\/\/test.passus.pl\/index.php?rest_route=\/wp\/v2\/pages\/2\/revisions"}],"predecessor-version":[{"id":69,"href":"https:\/\/test.passus.pl\/index.php?rest_route=\/wp\/v2\/pages\/2\/revisions\/69"}],"wp:featuredmedia":[{"embeddable":true,"href":"https:\/\/test.passus.pl\/index.php?rest_route=\/wp\/v2\/media\/29"}],"wp:attachment":[{"href":"https:\/\/test.passus.pl\/index.php?rest_route=%2Fwp%2Fv2%2Fmedia&parent=2"}],"curies":[{"name":"wp","href":"https:\/\/api.w.org\/{rel}","templated":true}]}}